{"id":6,"date":"2017-10-06T09:49:53","date_gmt":"2017-10-06T09:49:53","guid":{"rendered":"http:\/\/www.joergschuerpf.ch\/?page_id=6"},"modified":"2024-11-05T11:02:28","modified_gmt":"2024-11-05T10:02:28","slug":"home","status":"publish","type":"page","link":"https:\/\/www.joergschuerpf.ch\/en\/","title":{"rendered":"J\u00f6rg Sch\u00fcrpf &#8211; Strukturelle Integration &#8211; Shen Shiatsu Osteopathie"},"content":{"rendered":"\t\t<div data-elementor-type=\"wp-page\" data-elementor-id=\"6\" class=\"elementor elementor-6\" data-elementor-post-type=\"page\">\n\t\t\t\t<div class=\"elementor-element elementor-element-5c504f1 e-con-full e-flex e-con e-parent\" data-id=\"5c504f1\" data-element_type=\"container\">\n\t\t\t\t<div class=\"elementor-element elementor-element-a951427 elementor-cta--skin-cover elementor-animated-content elementor-bg-transform elementor-bg-transform-zoom-in elementor-widget elementor-widget-call-to-action\" data-id=\"a951427\" data-element_type=\"widget\" data-widget_type=\"call-to-action.default\">\n\t\t\t\t<div class=\"elementor-widget-container\">\n\t\t\t\t\t<div class=\"elementor-cta\">\n\t\t\t\t\t<div class=\"elementor-cta__bg-wrapper\">\n\t\t\t\t<div class=\"elementor-cta__bg elementor-bg\" style=\"background-image: url(https:\/\/www.joergschuerpf.ch\/wp-content\/uploads\/2024\/11\/joerg-podlaga-1-1-1024x392.jpg);\" role=\"img\" aria-label=\"joerg-podlaga-1.jpg\"><\/div>\n\t\t\t\t<div class=\"elementor-cta__bg-overlay\"><\/div>\n\t\t\t<\/div>\n\t\t\t\t\t\t\t<div class=\"elementor-cta__content\">\n\t\t\t\t\n\t\t\t\t\t\t\t\t\t<h2 class=\"elementor-cta__title elementor-cta__content-item elementor-content-item elementor-animated-item--grow\">\n\t\t\t\t\t\tJ\u00f6rg Sch\u00fcrpf\t\t\t\t\t<\/h2>\n\t\t\t\t\n\t\t\t\t\t\t\t\t\t<div class=\"elementor-cta__description elementor-cta__content-item elementor-content-item elementor-animated-item--grow\">\n\t\t\t\t\t\tEtzelstrasse 2 <br>\n8640 Rappersvvil <br>\n<br>\n\nTel. +41 79 286 24 16<br>\t\t\t\t\t<\/div>\n\t\t\t\t\n\t\t\t\t\t\t\t<\/div>\n\t\t\t\t\t\t<\/div>\n\t\t\t\t<\/div>\n\t\t\t\t<\/div>\n\t\t\t\t<\/div>\n\t\t<div class=\"elementor-element elementor-element-160b0a0 e-con-full e-flex e-con e-parent\" data-id=\"160b0a0\" data-element_type=\"container\">\n\t\t<div class=\"elementor-element elementor-element-02fbb6a e-con-full e-flex e-con e-child\" data-id=\"02fbb6a\" data-element_type=\"container\">\n\t\t\t\t<div class=\"elementor-element elementor-element-fe68968 elementor-cta--layout-image-above elementor-cta--skin-classic elementor-animated-content elementor-bg-transform elementor-bg-transform-zoom-in elementor-widget elementor-widget-call-to-action\" data-id=\"fe68968\" data-element_type=\"widget\" data-widget_type=\"call-to-action.default\">\n\t\t\t\t<div class=\"elementor-widget-container\">\n\t\t\t\t\t<div class=\"elementor-cta\">\n\t\t\t\t\t<div class=\"elementor-cta__bg-wrapper\">\n\t\t\t\t<div class=\"elementor-cta__bg elementor-bg\" style=\"background-image: url(https:\/\/www.joergschuerpf.ch\/wp-content\/uploads\/2024\/11\/26-joergschuerpf-1024x682.webp);\" role=\"img\" aria-label=\"26-joergschuerpf\"><\/div>\n\t\t\t\t<div class=\"elementor-cta__bg-overlay\"><\/div>\n\t\t\t<\/div>\n\t\t\t\t\t\t\t<div class=\"elementor-cta__content\">\n\t\t\t\t\n\t\t\t\t\t\t\t\t\t<h2 class=\"elementor-cta__title elementor-cta__content-item elementor-content-item\">\n\t\t\t\t\t\tShen Shiatsu\t\t\t\t\t<\/h2>\n\t\t\t\t\n\t\t\t\t\t\t\t\t\t<div class=\"elementor-cta__description elementor-cta__content-item elementor-content-item\">\n\t\t\t\t\t\tShen Shiatsu is a unique approach. It is a synthesis of Shiatsu \u2013 poetry of movement and Osteopathy \u2013 poetry of rhythms.\t\t\t\t\t<\/div>\n\t\t\t\t\n\t\t\t\t\t\t\t\t\t<div class=\"elementor-cta__button-wrapper elementor-cta__content-item elementor-content-item \">\n\t\t\t\t\t<a class=\"elementor-cta__button elementor-button elementor-size-\" href=\"https:\/\/www.joergschuerpf.ch\/shen-shiatsu\/\">\n\t\t\t\t\t\tRead more\t\t\t\t\t<\/a>\n\t\t\t\t\t<\/div>\n\t\t\t\t\t\t\t<\/div>\n\t\t\t\t\t\t<\/div>\n\t\t\t\t<\/div>\n\t\t\t\t<\/div>\n\t\t\t\t<\/div>\n\t\t<div class=\"elementor-element elementor-element-055b6c9 e-con-full e-flex e-con e-child\" data-id=\"055b6c9\" data-element_type=\"container\">\n\t\t\t\t<div class=\"elementor-element elementor-element-45dab19 elementor-cta--layout-image-above elementor-cta--skin-classic elementor-animated-content elementor-bg-transform elementor-bg-transform-zoom-in elementor-widget elementor-widget-call-to-action\" data-id=\"45dab19\" data-element_type=\"widget\" data-widget_type=\"call-to-action.default\">\n\t\t\t\t<div class=\"elementor-widget-container\">\n\t\t\t\t\t<div class=\"elementor-cta\">\n\t\t\t\t\t<div class=\"elementor-cta__bg-wrapper\">\n\t\t\t\t<div class=\"elementor-cta__bg elementor-bg\" style=\"background-image: url(https:\/\/www.joergschuerpf.ch\/wp-content\/uploads\/2024\/11\/17-joergschuerpf-1024x682.webp);\" role=\"img\" aria-label=\"17-joergschuerpf\"><\/div>\n\t\t\t\t<div class=\"elementor-cta__bg-overlay\"><\/div>\n\t\t\t<\/div>\n\t\t\t\t\t\t\t<div class=\"elementor-cta__content\">\n\t\t\t\t\n\t\t\t\t\t\t\t\t\t<h2 class=\"elementor-cta__title elementor-cta__content-item elementor-content-item\">\n\t\t\t\t\t\tRolfing\t\t\t\t\t<\/h2>\n\t\t\t\t\n\t\t\t\t\t\t\t\t\t<div class=\"elementor-cta__description elementor-cta__content-item elementor-content-item\">\n\t\t\t\t\t\tRolfing is a holistic treatment modality based upon the insights gained from anatomy, biomechanics and physics.\t\t\t\t\t<\/div>\n\t\t\t\t\n\t\t\t\t\t\t\t\t\t<div class=\"elementor-cta__button-wrapper elementor-cta__content-item elementor-content-item \">\n\t\t\t\t\t<a class=\"elementor-cta__button elementor-button elementor-size-\" href=\"https:\/\/www.joergschuerpf.ch\/rolfing\/\">\n\t\t\t\t\t\tRead more\t\t\t\t\t<\/a>\n\t\t\t\t\t<\/div>\n\t\t\t\t\t\t\t<\/div>\n\t\t\t\t\t\t<\/div>\n\t\t\t\t<\/div>\n\t\t\t\t<\/div>\n\t\t\t\t<\/div>\n\t\t\t\t<\/div>\n\t\t\t\t<\/div>\n\t\t","protected":false},"excerpt":{"rendered":"<p>J\u00f6rg Sch\u00fcrpf Etzelstrasse 2 8640 Rappersvvil Tel. +41 79 286 24 16 Shen Shiatsu Shen Shiatsu is a unique approach. It is a synthesis of Shiatsu \u2013 poetry of movement and Osteopathy \u2013 poetry of rhythms. Read more Rolfing Rolfing is a holistic treatment modality based upon the insights gained from anatomy, biomechanics and physics.&hellip;<\/p>\n","protected":false},"author":1,"featured_media":0,"parent":0,"menu_order":0,"comment_status":"closed","ping_status":"closed","template":"","meta":{"_monsterinsights_skip_tracking":false,"_monsterinsights_sitenote_active":false,"_monsterinsights_sitenote_note":"","_monsterinsights_sitenote_category":0,"footnotes":""},"class_list":["post-6","page","type-page","status-publish","hentry"],"yoast_head":"<!-- This site is optimized with the Yoast SEO Premium plugin v17.2 (Yoast SEO v17.2.1) - https:\/\/yoast.com\/wordpress\/plugins\/seo\/ -->\n<title>J\u00f6rg Sch\u00fcrpf - Strukturelle Integration - Shen Shiatsu Osteopathie &ndash; J\u00d6RG SCH\u00dcRPF<\/title>\n<meta name=\"robots\" content=\"index, follow, max-snippet:-1, max-image-preview:large, max-video-preview:-1\" \/>\n<link rel=\"canonical\" href=\"https:\/\/www.joergschuerpf.ch\/\" \/>\n<meta property=\"og:locale\" content=\"en_US\" \/>\n<meta property=\"og:type\" content=\"article\" \/>\n<meta property=\"og:title\" content=\"J\u00f6rg Sch\u00fcrpf - Strukturelle Integration - Shen Shiatsu Osteopathie\" \/>\n<meta property=\"og:description\" content=\"J\u00f6rg Sch\u00fcrpf Etzelstrasse 2 8640 Rappersvvil Tel. +41 79 286 24 16 Shen Shiatsu Shen Shiatsu is a unique approach. It is a synthesis of Shiatsu \u2013 poetry of movement and Osteopathy \u2013 poetry of rhythms. Read more Rolfing Rolfing is a holistic treatment modality based upon the insights gained from anatomy, biomechanics and physics.&hellip;\" \/>\n<meta property=\"og:url\" content=\"https:\/\/www.joergschuerpf.ch\/\" \/>\n<meta property=\"og:site_name\" content=\"J\u00d6RG SCH\u00dcRPF\" \/>\n<meta property=\"article:modified_time\" content=\"2024-11-05T10:02:28+00:00\" \/>\n<meta name=\"twitter:card\" content=\"summary_large_image\" \/>\n<meta name=\"twitter:label1\" content=\"Est. reading time\" \/>\n\t<meta name=\"twitter:data1\" content=\"1 minute\" \/>\n<script type=\"application\/ld+json\" class=\"yoast-schema-graph\">{\"@context\":\"https:\/\/schema.org\",\"@graph\":[{\"@type\":[\"Organization\",\"Place\"],\"@id\":\"https:\/\/www.joergschuerpf.ch\/#organization\",\"name\":\"J\\u00f6rg Sch\\u00fcrpf - Strukturelle Integration - Rolfing\\u00ae Shen Shiatsu\\u00ae Osteopathie\",\"url\":\"https:\/\/www.joergschuerpf.ch\/\",\"sameAs\":[],\"logo\":{\"@id\":\"https:\/\/www.joergschuerpf.ch\/#local-main-organization-logo\"},\"image\":{\"@id\":\"https:\/\/www.joergschuerpf.ch\/#local-main-organization-logo\"},\"openingHoursSpecification\":[{\"@type\":\"OpeningHoursSpecification\",\"dayOfWeek\":[\"Monday\",\"Tuesday\",\"Wednesday\",\"Thursday\",\"Friday\",\"Saturday\",\"Sunday\"],\"opens\":\"09:00\",\"closes\":\"17:00\"}]},{\"@type\":\"WebSite\",\"@id\":\"https:\/\/www.joergschuerpf.ch\/#website\",\"url\":\"https:\/\/www.joergschuerpf.ch\/\",\"name\":\"J\\u00d6RG SCH\\u00dcRPF\",\"description\":\"J\\u00d6RG SCH\\u00dcRPF\",\"publisher\":{\"@id\":\"https:\/\/www.joergschuerpf.ch\/#organization\"},\"potentialAction\":[{\"@type\":\"SearchAction\",\"target\":{\"@type\":\"EntryPoint\",\"urlTemplate\":\"https:\/\/www.joergschuerpf.ch\/?s={search_term_string}\"},\"query-input\":\"required name=search_term_string\"}],\"inLanguage\":\"en-US\"},{\"@type\":\"WebPage\",\"@id\":\"https:\/\/www.joergschuerpf.ch\/#webpage\",\"url\":\"https:\/\/www.joergschuerpf.ch\/\",\"name\":\"J\\u00f6rg Sch\\u00fcrpf - Strukturelle Integration - Shen Shiatsu Osteopathie &ndash; J\\u00d6RG SCH\\u00dcRPF\",\"isPartOf\":{\"@id\":\"https:\/\/www.joergschuerpf.ch\/#website\"},\"datePublished\":\"2017-10-06T09:49:53+00:00\",\"dateModified\":\"2024-11-05T10:02:28+00:00\",\"breadcrumb\":{\"@id\":\"https:\/\/www.joergschuerpf.ch\/#breadcrumb\"},\"inLanguage\":\"en-US\",\"potentialAction\":[{\"@type\":\"ReadAction\",\"target\":[\"https:\/\/www.joergschuerpf.ch\/\"]}]},{\"@type\":\"BreadcrumbList\",\"@id\":\"https:\/\/www.joergschuerpf.ch\/#breadcrumb\",\"itemListElement\":[{\"@type\":\"ListItem\",\"position\":1,\"name\":\"Home\",\"item\":\"https:\/\/www.joergschuerpf.ch\/\"},{\"@type\":\"ListItem\",\"position\":2,\"name\":\"J\\u00f6rg Sch\\u00fcrpf &#8211; Strukturelle Integration &#8211; Shen Shiatsu Osteopathie\"}]},{\"@type\":\"ImageObject\",\"@id\":\"https:\/\/www.joergschuerpf.ch\/#local-main-organization-logo\",\"inLanguage\":\"en-US\",\"url\":\"https:\/\/www.joergschuerpf.ch\/wp-content\/uploads\/2018\/01\/shenshiatsu-1.jpg\",\"contentUrl\":\"https:\/\/www.joergschuerpf.ch\/wp-content\/uploads\/2018\/01\/shenshiatsu-1.jpg\",\"width\":1200,\"height\":400,\"caption\":\"J\\u00f6rg Sch\\u00fcrpf - Strukturelle Integration - Rolfing\\u00ae Shen Shiatsu\\u00ae Osteopathie\"}]}<\/script>\n<!-- \/ Yoast SEO Premium plugin. -->","yoast_head_json":{"title":"J\u00f6rg Sch\u00fcrpf - Strukturelle Integration - Shen Shiatsu Osteopathie &ndash; J\u00d6RG SCH\u00dcRPF","robots":{"index":"index","follow":"follow","max-snippet":"max-snippet:-1","max-image-preview":"max-image-preview:large","max-video-preview":"max-video-preview:-1"},"canonical":"https:\/\/www.joergschuerpf.ch\/","og_locale":"en_US","og_type":"article","og_title":"J\u00f6rg Sch\u00fcrpf - Strukturelle Integration - Shen Shiatsu Osteopathie","og_description":"J\u00f6rg Sch\u00fcrpf Etzelstrasse 2 8640 Rappersvvil Tel. +41 79 286 24 16 Shen Shiatsu Shen Shiatsu is a unique approach. It is a synthesis of Shiatsu \u2013 poetry of movement and Osteopathy \u2013 poetry of rhythms. Read more Rolfing Rolfing is a holistic treatment modality based upon the insights gained from anatomy, biomechanics and physics.&hellip;","og_url":"https:\/\/www.joergschuerpf.ch\/","og_site_name":"J\u00d6RG SCH\u00dcRPF","article_modified_time":"2024-11-05T10:02:28+00:00","twitter_card":"summary_large_image","twitter_misc":{"Est. reading time":"1 minute"},"schema":{"@context":"https:\/\/schema.org","@graph":[{"@type":["Organization","Place"],"@id":"https:\/\/www.joergschuerpf.ch\/#organization","name":"J\u00f6rg Sch\u00fcrpf - Strukturelle Integration - Rolfing\u00ae Shen Shiatsu\u00ae Osteopathie","url":"https:\/\/www.joergschuerpf.ch\/","sameAs":[],"logo":{"@id":"https:\/\/www.joergschuerpf.ch\/#local-main-organization-logo"},"image":{"@id":"https:\/\/www.joergschuerpf.ch\/#local-main-organization-logo"},"openingHoursSpecification":[{"@type":"OpeningHoursSpecification","dayOfWeek":["Monday","Tuesday","Wednesday","Thursday","Friday","Saturday","Sunday"],"opens":"09:00","closes":"17:00"}]},{"@type":"WebSite","@id":"https:\/\/www.joergschuerpf.ch\/#website","url":"https:\/\/www.joergschuerpf.ch\/","name":"J\u00d6RG SCH\u00dcRPF","description":"J\u00d6RG SCH\u00dcRPF","publisher":{"@id":"https:\/\/www.joergschuerpf.ch\/#organization"},"potentialAction":[{"@type":"SearchAction","target":{"@type":"EntryPoint","urlTemplate":"https:\/\/www.joergschuerpf.ch\/?s={search_term_string}"},"query-input":"required name=search_term_string"}],"inLanguage":"en-US"},{"@type":"WebPage","@id":"https:\/\/www.joergschuerpf.ch\/#webpage","url":"https:\/\/www.joergschuerpf.ch\/","name":"J\u00f6rg Sch\u00fcrpf - Strukturelle Integration - Shen Shiatsu Osteopathie &ndash; J\u00d6RG SCH\u00dcRPF","isPartOf":{"@id":"https:\/\/www.joergschuerpf.ch\/#website"},"datePublished":"2017-10-06T09:49:53+00:00","dateModified":"2024-11-05T10:02:28+00:00","breadcrumb":{"@id":"https:\/\/www.joergschuerpf.ch\/#breadcrumb"},"inLanguage":"en-US","potentialAction":[{"@type":"ReadAction","target":["https:\/\/www.joergschuerpf.ch\/"]}]},{"@type":"BreadcrumbList","@id":"https:\/\/www.joergschuerpf.ch\/#breadcrumb","itemListElement":[{"@type":"ListItem","position":1,"name":"Home","item":"https:\/\/www.joergschuerpf.ch\/"},{"@type":"ListItem","position":2,"name":"J\u00f6rg Sch\u00fcrpf &#8211; Strukturelle Integration &#8211; Shen Shiatsu Osteopathie"}]},{"@type":"ImageObject","@id":"https:\/\/www.joergschuerpf.ch\/#local-main-organization-logo","inLanguage":"en-US","url":"https:\/\/www.joergschuerpf.ch\/wp-content\/uploads\/2018\/01\/shenshiatsu-1.jpg","contentUrl":"https:\/\/www.joergschuerpf.ch\/wp-content\/uploads\/2018\/01\/shenshiatsu-1.jpg","width":1200,"height":400,"caption":"J\u00f6rg Sch\u00fcrpf - Strukturelle Integration - Rolfing\u00ae Shen Shiatsu\u00ae Osteopathie"}]}},"_links":{"self":[{"href":"https:\/\/www.joergschuerpf.ch\/en\/wp-json\/wp\/v2\/pages\/6"}],"collection":[{"href":"https:\/\/www.joergschuerpf.ch\/en\/wp-json\/wp\/v2\/pages"}],"about":[{"href":"https:\/\/www.joergschuerpf.ch\/en\/wp-json\/wp\/v2\/types\/page"}],"author":[{"embeddable":true,"href":"https:\/\/www.joergschuerpf.ch\/en\/wp-json\/wp\/v2\/users\/1"}],"replies":[{"embeddable":true,"href":"https:\/\/www.joergschuerpf.ch\/en\/wp-json\/wp\/v2\/comments?post=6"}],"version-history":[{"count":53,"href":"https:\/\/www.joergschuerpf.ch\/en\/wp-json\/wp\/v2\/pages\/6\/revisions"}],"predecessor-version":[{"id":987,"href":"https:\/\/www.joergschuerpf.ch\/en\/wp-json\/wp\/v2\/pages\/6\/revisions\/987"}],"wp:attachment":[{"href":"https:\/\/www.joergschuerpf.ch\/en\/wp-json\/wp\/v2\/media?parent=6"}],"curies":[{"name":"wp","href":"https:\/\/api.w.org\/{rel}","templated":true}]}}