{"id":38,"date":"2017-10-10T07:18:30","date_gmt":"2017-10-10T07:18:30","guid":{"rendered":"http:\/\/www.joergschuerpf.ch\/?page_id=38"},"modified":"2024-11-05T07:28:59","modified_gmt":"2024-11-05T06:28:59","slug":"links","status":"publish","type":"page","link":"https:\/\/www.joergschuerpf.ch\/en\/links\/","title":{"rendered":"Links"},"content":{"rendered":"\t\t<div data-elementor-type=\"wp-page\" data-elementor-id=\"38\" class=\"elementor elementor-38\" data-elementor-post-type=\"page\">\n\t\t\t\t<div class=\"elementor-element elementor-element-177f25f e-flex e-con-boxed e-con e-parent\" data-id=\"177f25f\" data-element_type=\"container\">\n\t\t\t\t\t<div class=\"e-con-inner\">\n\t\t<div class=\"elementor-element elementor-element-8ad8e85 e-con-full e-flex e-con e-child\" data-id=\"8ad8e85\" data-element_type=\"container\">\n\t\t\t\t<div class=\"elementor-element elementor-element-21d2d6f elementor-widget elementor-widget-text-editor\" data-id=\"21d2d6f\" data-element_type=\"widget\" data-widget_type=\"text-editor.default\">\n\t\t\t\t<div class=\"elementor-widget-container\">\n\t\t\t\t\t\t\t<p>Shen Touch Academy \u2013<a href=\"https:\/\/www.shentouch.academy\/\">www.shentouch.academy<\/a><\/p><p>Rolfing Verband Schweiz \u2013 <a title=\"Rolfing Verband Schweiz\" href=\"http:\/\/www.rolfing.ch\/\" target=\"_blank\" rel=\"noopener\">www.rolfing.ch<\/a><\/p><p>European Rolfing Association \u2013 <a title=\"European Rolfing Association\" href=\"http:\/\/www.rolfing.org\/\" target=\"_blank\" rel=\"noopener\">www.rolfing.org<\/a><\/p><p>Rolf Institute of Structural Integration, Boulder \u2013 <a title=\"Rolf Institute of Structural Integration\" href=\"http:\/\/www.rolf.org\/\" target=\"_blank\" rel=\"noopener\">www.rolf.org<\/a><\/p>\t\t\t\t\t\t<\/div>\n\t\t\t\t<\/div>\n\t\t\t\t<\/div>\n\t\t<div class=\"elementor-element elementor-element-5f52b35 e-con-full e-flex e-con e-child\" data-id=\"5f52b35\" data-element_type=\"container\">\n\t\t\t\t<div class=\"elementor-element elementor-element-d79b36d elementor-widget elementor-widget-image\" data-id=\"d79b36d\" data-element_type=\"widget\" data-widget_type=\"image.default\">\n\t\t\t\t<div class=\"elementor-widget-container\">\n\t\t\t\t\t\t\t\t\t\t\t\t\t<img fetchpriority=\"high\" decoding=\"async\" width=\"1024\" height=\"392\" src=\"https:\/\/www.joergschuerpf.ch\/wp-content\/uploads\/2017\/10\/joerg-podlaga-1024x392.jpg\" class=\"attachment-large size-large wp-image-369\" alt=\"\" srcset=\"https:\/\/www.joergschuerpf.ch\/wp-content\/uploads\/2017\/10\/joerg-podlaga-1024x392.jpg 1024w, https:\/\/www.joergschuerpf.ch\/wp-content\/uploads\/2017\/10\/joerg-podlaga-300x115.jpg 300w, https:\/\/www.joergschuerpf.ch\/wp-content\/uploads\/2017\/10\/joerg-podlaga-768x294.jpg 768w, https:\/\/www.joergschuerpf.ch\/wp-content\/uploads\/2017\/10\/joerg-podlaga.jpg 1380w\" sizes=\"(max-width: 1024px) 100vw, 1024px\" \/>\t\t\t\t\t\t\t\t\t\t\t\t\t<\/div>\n\t\t\t\t<\/div>\n\t\t\t\t<\/div>\n\t\t\t\t\t<\/div>\n\t\t\t\t<\/div>\n\t\t\t\t<\/div>\n\t\t","protected":false},"excerpt":{"rendered":"<p>Shen Touch Academy \u2013www.shentouch.academy Rolfing Verband Schweiz \u2013 www.rolfing.ch European Rolfing Association \u2013 www.rolfing.org Rolf Institute of Structural Integration, Boulder \u2013 www.rolf.org<\/p>\n","protected":false},"author":1,"featured_media":0,"parent":0,"menu_order":0,"comment_status":"closed","ping_status":"closed","template":"","meta":{"_monsterinsights_skip_tracking":false,"_monsterinsights_sitenote_active":false,"_monsterinsights_sitenote_note":"","_monsterinsights_sitenote_category":0,"footnotes":""},"class_list":["post-38","page","type-page","status-publish","hentry"],"yoast_head":"<!-- This site is optimized with the Yoast SEO Premium plugin v17.2 (Yoast SEO v17.2.1) - https:\/\/yoast.com\/wordpress\/plugins\/seo\/ -->\n<title>Links &ndash; J\u00d6RG SCH\u00dcRPF<\/title>\n<meta name=\"robots\" content=\"index, follow, max-snippet:-1, max-image-preview:large, max-video-preview:-1\" \/>\n<link rel=\"canonical\" href=\"https:\/\/www.joergschuerpf.ch\/en\/links\/\" \/>\n<meta property=\"og:locale\" content=\"en_US\" \/>\n<meta property=\"og:type\" content=\"article\" \/>\n<meta property=\"og:title\" content=\"Links\" \/>\n<meta property=\"og:description\" content=\"Shen Touch Academy \u2013www.shentouch.academy Rolfing Verband Schweiz \u2013 www.rolfing.ch European Rolfing Association \u2013 www.rolfing.org Rolf Institute of Structural Integration, Boulder \u2013 www.rolf.org\" \/>\n<meta property=\"og:url\" content=\"https:\/\/www.joergschuerpf.ch\/en\/links\/\" \/>\n<meta property=\"og:site_name\" content=\"J\u00d6RG SCH\u00dcRPF\" \/>\n<meta property=\"article:modified_time\" content=\"2024-11-05T06:28:59+00:00\" \/>\n<meta property=\"og:image\" content=\"https:\/\/www.joergschuerpf.ch\/wp-content\/uploads\/2017\/10\/joerg-podlaga-1024x392.jpg\" \/>\n<meta name=\"twitter:card\" content=\"summary_large_image\" \/>\n<script type=\"application\/ld+json\" class=\"yoast-schema-graph\">{\"@context\":\"https:\/\/schema.org\",\"@graph\":[{\"@type\":[\"Organization\",\"Place\"],\"@id\":\"https:\/\/www.joergschuerpf.ch\/#organization\",\"name\":\"J\\u00f6rg Sch\\u00fcrpf - Strukturelle Integration - Rolfing\\u00ae Shen Shiatsu\\u00ae Osteopathie\",\"url\":\"https:\/\/www.joergschuerpf.ch\/\",\"sameAs\":[],\"logo\":{\"@id\":\"https:\/\/www.joergschuerpf.ch\/en\/links\/#local-main-organization-logo\"},\"image\":{\"@id\":\"https:\/\/www.joergschuerpf.ch\/en\/links\/#local-main-organization-logo\"},\"openingHoursSpecification\":[{\"@type\":\"OpeningHoursSpecification\",\"dayOfWeek\":[\"Monday\",\"Tuesday\",\"Wednesday\",\"Thursday\",\"Friday\",\"Saturday\",\"Sunday\"],\"opens\":\"09:00\",\"closes\":\"17:00\"}]},{\"@type\":\"WebSite\",\"@id\":\"https:\/\/www.joergschuerpf.ch\/#website\",\"url\":\"https:\/\/www.joergschuerpf.ch\/\",\"name\":\"J\\u00d6RG SCH\\u00dcRPF\",\"description\":\"J\\u00d6RG SCH\\u00dcRPF\",\"publisher\":{\"@id\":\"https:\/\/www.joergschuerpf.ch\/#organization\"},\"potentialAction\":[{\"@type\":\"SearchAction\",\"target\":{\"@type\":\"EntryPoint\",\"urlTemplate\":\"https:\/\/www.joergschuerpf.ch\/?s={search_term_string}\"},\"query-input\":\"required name=search_term_string\"}],\"inLanguage\":\"en-US\"},{\"@type\":\"ImageObject\",\"@id\":\"https:\/\/www.joergschuerpf.ch\/en\/links\/#primaryimage\",\"inLanguage\":\"en-US\",\"url\":\"https:\/\/www.joergschuerpf.ch\/wp-content\/uploads\/2017\/10\/joerg-podlaga.jpg\",\"contentUrl\":\"https:\/\/www.joergschuerpf.ch\/wp-content\/uploads\/2017\/10\/joerg-podlaga.jpg\",\"width\":1380,\"height\":528},{\"@type\":\"WebPage\",\"@id\":\"https:\/\/www.joergschuerpf.ch\/en\/links\/#webpage\",\"url\":\"https:\/\/www.joergschuerpf.ch\/en\/links\/\",\"name\":\"Links &ndash; J\\u00d6RG SCH\\u00dcRPF\",\"isPartOf\":{\"@id\":\"https:\/\/www.joergschuerpf.ch\/#website\"},\"primaryImageOfPage\":{\"@id\":\"https:\/\/www.joergschuerpf.ch\/en\/links\/#primaryimage\"},\"datePublished\":\"2017-10-10T07:18:30+00:00\",\"dateModified\":\"2024-11-05T06:28:59+00:00\",\"breadcrumb\":{\"@id\":\"https:\/\/www.joergschuerpf.ch\/en\/links\/#breadcrumb\"},\"inLanguage\":\"en-US\",\"potentialAction\":[{\"@type\":\"ReadAction\",\"target\":[\"https:\/\/www.joergschuerpf.ch\/en\/links\/\"]}]},{\"@type\":\"BreadcrumbList\",\"@id\":\"https:\/\/www.joergschuerpf.ch\/en\/links\/#breadcrumb\",\"itemListElement\":[{\"@type\":\"ListItem\",\"position\":1,\"name\":\"Home\",\"item\":\"https:\/\/www.joergschuerpf.ch\/\"},{\"@type\":\"ListItem\",\"position\":2,\"name\":\"Links\"}]},{\"@type\":\"ImageObject\",\"@id\":\"https:\/\/www.joergschuerpf.ch\/en\/links\/#local-main-organization-logo\",\"inLanguage\":\"en-US\",\"url\":\"https:\/\/www.joergschuerpf.ch\/wp-content\/uploads\/2018\/01\/shenshiatsu-1.jpg\",\"contentUrl\":\"https:\/\/www.joergschuerpf.ch\/wp-content\/uploads\/2018\/01\/shenshiatsu-1.jpg\",\"width\":1200,\"height\":400,\"caption\":\"J\\u00f6rg Sch\\u00fcrpf - Strukturelle Integration - Rolfing\\u00ae Shen Shiatsu\\u00ae Osteopathie\"}]}<\/script>\n<!-- \/ Yoast SEO Premium plugin. -->","yoast_head_json":{"title":"Links &ndash; J\u00d6RG SCH\u00dcRPF","robots":{"index":"index","follow":"follow","max-snippet":"max-snippet:-1","max-image-preview":"max-image-preview:large","max-video-preview":"max-video-preview:-1"},"canonical":"https:\/\/www.joergschuerpf.ch\/en\/links\/","og_locale":"en_US","og_type":"article","og_title":"Links","og_description":"Shen Touch Academy \u2013www.shentouch.academy Rolfing Verband Schweiz \u2013 www.rolfing.ch European Rolfing Association \u2013 www.rolfing.org Rolf Institute of Structural Integration, Boulder \u2013 www.rolf.org","og_url":"https:\/\/www.joergschuerpf.ch\/en\/links\/","og_site_name":"J\u00d6RG SCH\u00dcRPF","article_modified_time":"2024-11-05T06:28:59+00:00","og_image":[{"url":"https:\/\/www.joergschuerpf.ch\/wp-content\/uploads\/2017\/10\/joerg-podlaga-1024x392.jpg"}],"twitter_card":"summary_large_image","schema":{"@context":"https:\/\/schema.org","@graph":[{"@type":["Organization","Place"],"@id":"https:\/\/www.joergschuerpf.ch\/#organization","name":"J\u00f6rg Sch\u00fcrpf - Strukturelle Integration - Rolfing\u00ae Shen Shiatsu\u00ae Osteopathie","url":"https:\/\/www.joergschuerpf.ch\/","sameAs":[],"logo":{"@id":"https:\/\/www.joergschuerpf.ch\/en\/links\/#local-main-organization-logo"},"image":{"@id":"https:\/\/www.joergschuerpf.ch\/en\/links\/#local-main-organization-logo"},"openingHoursSpecification":[{"@type":"OpeningHoursSpecification","dayOfWeek":["Monday","Tuesday","Wednesday","Thursday","Friday","Saturday","Sunday"],"opens":"09:00","closes":"17:00"}]},{"@type":"WebSite","@id":"https:\/\/www.joergschuerpf.ch\/#website","url":"https:\/\/www.joergschuerpf.ch\/","name":"J\u00d6RG SCH\u00dcRPF","description":"J\u00d6RG SCH\u00dcRPF","publisher":{"@id":"https:\/\/www.joergschuerpf.ch\/#organization"},"potentialAction":[{"@type":"SearchAction","target":{"@type":"EntryPoint","urlTemplate":"https:\/\/www.joergschuerpf.ch\/?s={search_term_string}"},"query-input":"required name=search_term_string"}],"inLanguage":"en-US"},{"@type":"ImageObject","@id":"https:\/\/www.joergschuerpf.ch\/en\/links\/#primaryimage","inLanguage":"en-US","url":"https:\/\/www.joergschuerpf.ch\/wp-content\/uploads\/2017\/10\/joerg-podlaga.jpg","contentUrl":"https:\/\/www.joergschuerpf.ch\/wp-content\/uploads\/2017\/10\/joerg-podlaga.jpg","width":1380,"height":528},{"@type":"WebPage","@id":"https:\/\/www.joergschuerpf.ch\/en\/links\/#webpage","url":"https:\/\/www.joergschuerpf.ch\/en\/links\/","name":"Links &ndash; J\u00d6RG SCH\u00dcRPF","isPartOf":{"@id":"https:\/\/www.joergschuerpf.ch\/#website"},"primaryImageOfPage":{"@id":"https:\/\/www.joergschuerpf.ch\/en\/links\/#primaryimage"},"datePublished":"2017-10-10T07:18:30+00:00","dateModified":"2024-11-05T06:28:59+00:00","breadcrumb":{"@id":"https:\/\/www.joergschuerpf.ch\/en\/links\/#breadcrumb"},"inLanguage":"en-US","potentialAction":[{"@type":"ReadAction","target":["https:\/\/www.joergschuerpf.ch\/en\/links\/"]}]},{"@type":"BreadcrumbList","@id":"https:\/\/www.joergschuerpf.ch\/en\/links\/#breadcrumb","itemListElement":[{"@type":"ListItem","position":1,"name":"Home","item":"https:\/\/www.joergschuerpf.ch\/"},{"@type":"ListItem","position":2,"name":"Links"}]},{"@type":"ImageObject","@id":"https:\/\/www.joergschuerpf.ch\/en\/links\/#local-main-organization-logo","inLanguage":"en-US","url":"https:\/\/www.joergschuerpf.ch\/wp-content\/uploads\/2018\/01\/shenshiatsu-1.jpg","contentUrl":"https:\/\/www.joergschuerpf.ch\/wp-content\/uploads\/2018\/01\/shenshiatsu-1.jpg","width":1200,"height":400,"caption":"J\u00f6rg Sch\u00fcrpf - Strukturelle Integration - Rolfing\u00ae Shen Shiatsu\u00ae Osteopathie"}]}},"_links":{"self":[{"href":"https:\/\/www.joergschuerpf.ch\/en\/wp-json\/wp\/v2\/pages\/38"}],"collection":[{"href":"https:\/\/www.joergschuerpf.ch\/en\/wp-json\/wp\/v2\/pages"}],"about":[{"href":"https:\/\/www.joergschuerpf.ch\/en\/wp-json\/wp\/v2\/types\/page"}],"author":[{"embeddable":true,"href":"https:\/\/www.joergschuerpf.ch\/en\/wp-json\/wp\/v2\/users\/1"}],"replies":[{"embeddable":true,"href":"https:\/\/www.joergschuerpf.ch\/en\/wp-json\/wp\/v2\/comments?post=38"}],"version-history":[{"count":3,"href":"https:\/\/www.joergschuerpf.ch\/en\/wp-json\/wp\/v2\/pages\/38\/revisions"}],"predecessor-version":[{"id":756,"href":"https:\/\/www.joergschuerpf.ch\/en\/wp-json\/wp\/v2\/pages\/38\/revisions\/756"}],"wp:attachment":[{"href":"https:\/\/www.joergschuerpf.ch\/en\/wp-json\/wp\/v2\/media?parent=38"}],"curies":[{"name":"wp","href":"https:\/\/api.w.org\/{rel}","templated":true}]}}