{"id":190,"date":"2018-01-09T08:36:16","date_gmt":"2018-01-09T08:36:16","guid":{"rendered":"http:\/\/www.joergschuerpf.ch\/?page_id=190"},"modified":"2018-01-09T08:37:10","modified_gmt":"2018-01-09T08:37:10","slug":"floating","status":"publish","type":"page","link":"https:\/\/www.joergschuerpf.ch\/en\/floating\/","title":{"rendered":"Floating"},"content":{"rendered":"<p>[vc_row][vc_column][vc_column_text]<\/p>\n<header>\n<header>\n<header>\n<h1 class=\"title\">Was ist Floating?<\/h1>\n<\/header>\n<p>&nbsp;<\/p>\n<p>Floating bedeutet, an der Oberfl\u00e4che einer Solel\u00f6sung zu schweben und zu treiben. Durch die hohe Konzentration des Salzes im Wasser erf\u00e4hrt der menschliche K\u00f6rper einen Auftrieb, dass er ganz leicht und ohne jegliche Anspannungen in einen Zustand der Schwerelosigkeit und Entspannung findet.<\/p>\n<p>Ein Floating-Tank ist ein mit 30-40 cm Salzwasser gef\u00fcllter Beh\u00e4lter. Man schwebt dort in einer Salzsole, deren Temperatur der Au\u00dfentemperatur der Haut (34,8 bis 35,2\u00b0) entspricht. Innerhalb des Tanks ist es absolut dunkel und still und dadurch werden Nervensystem und Gehirn nicht mehr durch externe Sinnesreize angeregt. Diese Sinnesreizreduktion erm\u00f6glicht neben der physiologischen Entspannung auch mentale Klarheit und bringt uns in Kontakt mit einer tiefen inneren Ruhe, die im Kern unseres Wesens schlummert.<\/p>\n<p>Menschen, die zum ersten Mal Floaten, empfinden Licht und\/oder Musik als beruhigend. Um jedoch der Tiefenentspannung zu begegnen, ist es empfehlenswert, ganz in die Stille und Dunkelheit einzutauchen.<\/p>\n<\/header>\n<\/header>\n<p>[\/vc_column_text][vc_empty_space][dt_blog_masonry mode=&#8221;grid&#8221; resized_image_dimensions=&#8221;16&#215;9&#8243; post_title_font_size=&#8221;18px&#8221; post_title_line_height=&#8221;22px&#8221; post_title_bottom_margin=&#8221;4px&#8221; post_date=&#8221;n&#8221; post_category=&#8221;n&#8221; post_author=&#8221;n&#8221; post_comments=&#8221;n&#8221; meta_info_font_size=&#8221;18px&#8221; meta_info_line_height=&#8221;22px&#8221; excerpt_words_limit=&#8221;15&#8243; content_font_size=&#8221;14px&#8221; content_line_height=&#8221;19px&#8221; order=&#8221;asc&#8221; category=&#8221;6&#8243;][\/vc_column][\/vc_row]<\/p>\n","protected":false},"excerpt":{"rendered":"<p>[vc_row][vc_column][vc_column_text] Was ist Floating? &nbsp; Floating bedeutet, an der Oberfl\u00e4che einer Solel\u00f6sung zu schweben und zu treiben. Durch die hohe Konzentration des Salzes im Wasser erf\u00e4hrt der menschliche K\u00f6rper einen Auftrieb, dass er ganz leicht und ohne jegliche Anspannungen in einen Zustand der Schwerelosigkeit und Entspannung findet. Ein Floating-Tank ist ein mit 30-40 cm Salzwasser&hellip;<\/p>\n","protected":false},"author":1,"featured_media":0,"parent":0,"menu_order":0,"comment_status":"closed","ping_status":"closed","template":"","meta":{"_monsterinsights_skip_tracking":false,"_monsterinsights_sitenote_active":false,"_monsterinsights_sitenote_note":"","_monsterinsights_sitenote_category":0,"footnotes":""},"class_list":["post-190","page","type-page","status-publish","hentry","description-off"],"yoast_head":"<!-- This site is optimized with the Yoast SEO Premium plugin v17.2 (Yoast SEO v17.2.1) - https:\/\/yoast.com\/wordpress\/plugins\/seo\/ -->\n<title>Floating &ndash; J\u00d6RG SCH\u00dcRPF<\/title>\n<meta name=\"robots\" content=\"index, follow, max-snippet:-1, max-image-preview:large, max-video-preview:-1\" \/>\n<link rel=\"canonical\" href=\"https:\/\/www.joergschuerpf.ch\/en\/floating\/\" \/>\n<meta property=\"og:locale\" content=\"en_US\" \/>\n<meta property=\"og:type\" content=\"article\" \/>\n<meta property=\"og:title\" content=\"Floating\" \/>\n<meta property=\"og:description\" content=\"[vc_row][vc_column][vc_column_text] Was ist Floating? &nbsp; Floating bedeutet, an der Oberfl\u00e4che einer Solel\u00f6sung zu schweben und zu treiben. Durch die hohe Konzentration des Salzes im Wasser erf\u00e4hrt der menschliche K\u00f6rper einen Auftrieb, dass er ganz leicht und ohne jegliche Anspannungen in einen Zustand der Schwerelosigkeit und Entspannung findet. Ein Floating-Tank ist ein mit 30-40 cm Salzwasser&hellip;\" \/>\n<meta property=\"og:url\" content=\"https:\/\/www.joergschuerpf.ch\/en\/floating\/\" \/>\n<meta property=\"og:site_name\" content=\"J\u00d6RG SCH\u00dcRPF\" \/>\n<meta property=\"article:modified_time\" content=\"2018-01-09T08:37:10+00:00\" \/>\n<meta name=\"twitter:card\" content=\"summary_large_image\" \/>\n<meta name=\"twitter:label1\" content=\"Est. reading time\" \/>\n\t<meta name=\"twitter:data1\" content=\"1 minute\" \/>\n<script type=\"application\/ld+json\" class=\"yoast-schema-graph\">{\"@context\":\"https:\/\/schema.org\",\"@graph\":[{\"@type\":[\"Organization\",\"Place\"],\"@id\":\"https:\/\/www.joergschuerpf.ch\/#organization\",\"name\":\"J\\u00f6rg Sch\\u00fcrpf - Strukturelle Integration - Rolfing\\u00ae Shen Shiatsu\\u00ae Osteopathie\",\"url\":\"https:\/\/www.joergschuerpf.ch\/\",\"sameAs\":[],\"logo\":{\"@id\":\"https:\/\/www.joergschuerpf.ch\/en\/floating\/#local-main-organization-logo\"},\"image\":{\"@id\":\"https:\/\/www.joergschuerpf.ch\/en\/floating\/#local-main-organization-logo\"},\"openingHoursSpecification\":[{\"@type\":\"OpeningHoursSpecification\",\"dayOfWeek\":[\"Monday\",\"Tuesday\",\"Wednesday\",\"Thursday\",\"Friday\",\"Saturday\",\"Sunday\"],\"opens\":\"09:00\",\"closes\":\"17:00\"}]},{\"@type\":\"WebSite\",\"@id\":\"https:\/\/www.joergschuerpf.ch\/#website\",\"url\":\"https:\/\/www.joergschuerpf.ch\/\",\"name\":\"J\\u00d6RG SCH\\u00dcRPF\",\"description\":\"J\\u00d6RG SCH\\u00dcRPF\",\"publisher\":{\"@id\":\"https:\/\/www.joergschuerpf.ch\/#organization\"},\"potentialAction\":[{\"@type\":\"SearchAction\",\"target\":{\"@type\":\"EntryPoint\",\"urlTemplate\":\"https:\/\/www.joergschuerpf.ch\/?s={search_term_string}\"},\"query-input\":\"required name=search_term_string\"}],\"inLanguage\":\"en-US\"},{\"@type\":\"WebPage\",\"@id\":\"https:\/\/www.joergschuerpf.ch\/en\/floating\/#webpage\",\"url\":\"https:\/\/www.joergschuerpf.ch\/en\/floating\/\",\"name\":\"Floating &ndash; J\\u00d6RG SCH\\u00dcRPF\",\"isPartOf\":{\"@id\":\"https:\/\/www.joergschuerpf.ch\/#website\"},\"datePublished\":\"2018-01-09T08:36:16+00:00\",\"dateModified\":\"2018-01-09T08:37:10+00:00\",\"breadcrumb\":{\"@id\":\"https:\/\/www.joergschuerpf.ch\/en\/floating\/#breadcrumb\"},\"inLanguage\":\"en-US\",\"potentialAction\":[{\"@type\":\"ReadAction\",\"target\":[\"https:\/\/www.joergschuerpf.ch\/en\/floating\/\"]}]},{\"@type\":\"BreadcrumbList\",\"@id\":\"https:\/\/www.joergschuerpf.ch\/en\/floating\/#breadcrumb\",\"itemListElement\":[{\"@type\":\"ListItem\",\"position\":1,\"name\":\"Home\",\"item\":\"https:\/\/www.joergschuerpf.ch\/\"},{\"@type\":\"ListItem\",\"position\":2,\"name\":\"Floating\"}]},{\"@type\":\"ImageObject\",\"@id\":\"https:\/\/www.joergschuerpf.ch\/en\/floating\/#local-main-organization-logo\",\"inLanguage\":\"en-US\",\"url\":\"https:\/\/www.joergschuerpf.ch\/wp-content\/uploads\/2018\/01\/shenshiatsu-1.jpg\",\"contentUrl\":\"https:\/\/www.joergschuerpf.ch\/wp-content\/uploads\/2018\/01\/shenshiatsu-1.jpg\",\"width\":1200,\"height\":400,\"caption\":\"J\\u00f6rg Sch\\u00fcrpf - Strukturelle Integration - Rolfing\\u00ae Shen Shiatsu\\u00ae Osteopathie\"}]}<\/script>\n<!-- \/ Yoast SEO Premium plugin. -->","yoast_head_json":{"title":"Floating &ndash; J\u00d6RG SCH\u00dcRPF","robots":{"index":"index","follow":"follow","max-snippet":"max-snippet:-1","max-image-preview":"max-image-preview:large","max-video-preview":"max-video-preview:-1"},"canonical":"https:\/\/www.joergschuerpf.ch\/en\/floating\/","og_locale":"en_US","og_type":"article","og_title":"Floating","og_description":"[vc_row][vc_column][vc_column_text] Was ist Floating? &nbsp; Floating bedeutet, an der Oberfl\u00e4che einer Solel\u00f6sung zu schweben und zu treiben. Durch die hohe Konzentration des Salzes im Wasser erf\u00e4hrt der menschliche K\u00f6rper einen Auftrieb, dass er ganz leicht und ohne jegliche Anspannungen in einen Zustand der Schwerelosigkeit und Entspannung findet. Ein Floating-Tank ist ein mit 30-40 cm Salzwasser&hellip;","og_url":"https:\/\/www.joergschuerpf.ch\/en\/floating\/","og_site_name":"J\u00d6RG SCH\u00dcRPF","article_modified_time":"2018-01-09T08:37:10+00:00","twitter_card":"summary_large_image","twitter_misc":{"Est. reading time":"1 minute"},"schema":{"@context":"https:\/\/schema.org","@graph":[{"@type":["Organization","Place"],"@id":"https:\/\/www.joergschuerpf.ch\/#organization","name":"J\u00f6rg Sch\u00fcrpf - Strukturelle Integration - Rolfing\u00ae Shen Shiatsu\u00ae Osteopathie","url":"https:\/\/www.joergschuerpf.ch\/","sameAs":[],"logo":{"@id":"https:\/\/www.joergschuerpf.ch\/en\/floating\/#local-main-organization-logo"},"image":{"@id":"https:\/\/www.joergschuerpf.ch\/en\/floating\/#local-main-organization-logo"},"openingHoursSpecification":[{"@type":"OpeningHoursSpecification","dayOfWeek":["Monday","Tuesday","Wednesday","Thursday","Friday","Saturday","Sunday"],"opens":"09:00","closes":"17:00"}]},{"@type":"WebSite","@id":"https:\/\/www.joergschuerpf.ch\/#website","url":"https:\/\/www.joergschuerpf.ch\/","name":"J\u00d6RG SCH\u00dcRPF","description":"J\u00d6RG SCH\u00dcRPF","publisher":{"@id":"https:\/\/www.joergschuerpf.ch\/#organization"},"potentialAction":[{"@type":"SearchAction","target":{"@type":"EntryPoint","urlTemplate":"https:\/\/www.joergschuerpf.ch\/?s={search_term_string}"},"query-input":"required name=search_term_string"}],"inLanguage":"en-US"},{"@type":"WebPage","@id":"https:\/\/www.joergschuerpf.ch\/en\/floating\/#webpage","url":"https:\/\/www.joergschuerpf.ch\/en\/floating\/","name":"Floating &ndash; J\u00d6RG SCH\u00dcRPF","isPartOf":{"@id":"https:\/\/www.joergschuerpf.ch\/#website"},"datePublished":"2018-01-09T08:36:16+00:00","dateModified":"2018-01-09T08:37:10+00:00","breadcrumb":{"@id":"https:\/\/www.joergschuerpf.ch\/en\/floating\/#breadcrumb"},"inLanguage":"en-US","potentialAction":[{"@type":"ReadAction","target":["https:\/\/www.joergschuerpf.ch\/en\/floating\/"]}]},{"@type":"BreadcrumbList","@id":"https:\/\/www.joergschuerpf.ch\/en\/floating\/#breadcrumb","itemListElement":[{"@type":"ListItem","position":1,"name":"Home","item":"https:\/\/www.joergschuerpf.ch\/"},{"@type":"ListItem","position":2,"name":"Floating"}]},{"@type":"ImageObject","@id":"https:\/\/www.joergschuerpf.ch\/en\/floating\/#local-main-organization-logo","inLanguage":"en-US","url":"https:\/\/www.joergschuerpf.ch\/wp-content\/uploads\/2018\/01\/shenshiatsu-1.jpg","contentUrl":"https:\/\/www.joergschuerpf.ch\/wp-content\/uploads\/2018\/01\/shenshiatsu-1.jpg","width":1200,"height":400,"caption":"J\u00f6rg Sch\u00fcrpf - Strukturelle Integration - Rolfing\u00ae Shen Shiatsu\u00ae Osteopathie"}]}},"_links":{"self":[{"href":"https:\/\/www.joergschuerpf.ch\/en\/wp-json\/wp\/v2\/pages\/190"}],"collection":[{"href":"https:\/\/www.joergschuerpf.ch\/en\/wp-json\/wp\/v2\/pages"}],"about":[{"href":"https:\/\/www.joergschuerpf.ch\/en\/wp-json\/wp\/v2\/types\/page"}],"author":[{"embeddable":true,"href":"https:\/\/www.joergschuerpf.ch\/en\/wp-json\/wp\/v2\/users\/1"}],"replies":[{"embeddable":true,"href":"https:\/\/www.joergschuerpf.ch\/en\/wp-json\/wp\/v2\/comments?post=190"}],"version-history":[{"count":0,"href":"https:\/\/www.joergschuerpf.ch\/en\/wp-json\/wp\/v2\/pages\/190\/revisions"}],"wp:attachment":[{"href":"https:\/\/www.joergschuerpf.ch\/en\/wp-json\/wp\/v2\/media?parent=190"}],"curies":[{"name":"wp","href":"https:\/\/api.w.org\/{rel}","templated":true}]}}