{"id":156,"date":"2018-01-09T08:14:07","date_gmt":"2018-01-09T08:14:07","guid":{"rendered":"http:\/\/www.joergschuerpf.ch\/?page_id=156"},"modified":"2018-01-09T08:30:56","modified_gmt":"2018-01-09T08:30:56","slug":"prices","status":"publish","type":"page","link":"https:\/\/www.joergschuerpf.ch\/en\/prices\/","title":{"rendered":"Prices"},"content":{"rendered":"<p>[vc_row margin_top=&#8221;-70px&#8221; full_width_row=&#8221;true&#8221;][vc_column][vc_single_image image=&#8221;181&#8243; img_size=&#8221;full&#8221; alignment=&#8221;center&#8221; image_hovers=&#8221;false&#8221;][\/vc_column][\/vc_row][vc_row][vc_column][vc_empty_space][\/vc_column][\/vc_row][vc_row][vc_column][vc_column_text]<\/p>\n<header>\n<h1 class=\"title\">Sessions<\/h1>\n<\/header>\n<div class=\"content clearfix\">\n<p>If you are unable to come for your session, please advise 24h in advance. Otherwise the session will be charged fully.<\/p>\n<\/div>\n<p>[\/vc_column_text][\/vc_column][\/vc_row][vc_row][vc_column][vc_empty_space][\/vc_column][\/vc_row][vc_row][vc_column width=&#8221;1\/2&#8243;][vc_column_text]<\/p>\n<header>\n<h1 class=\"title\">Prices<\/h1>\n<\/header>\n<div class=\"content clearfix\">\n<table class=\"zebra\" border=\"0\">\n<tbody>\n<tr>\n<td><a title=\"Rolfing\" href=\"http:\/\/www.joergschuerpf.ch\/rolfing\/\">Rolfing<\/a><\/td>\n<td>60 minutes<\/td>\n<td>150.00 CHF<\/td>\n<\/tr>\n<tr>\n<td><a title=\"Shen Shiatsu\" href=\"http:\/\/www.joergschuerpf.ch\/shen-shiatsu\/\">Shen Shiatsu<\/a><\/td>\n<td>60 minutes<\/td>\n<td>150.00 CHF<\/td>\n<\/tr>\n<\/tbody>\n<\/table>\n<p>Es werden ausschliesslich Rolfing und Shiatsu Sitzungen \u00fcber die Zusatzversicherung der Krankenkasse abgerechnet.<\/p>\n<\/div>\n<p>[\/vc_column_text][\/vc_column][vc_column width=&#8221;1\/2&#8243;][vc_column_text]<\/p>\n<header>\n<h1 class=\"title\">Health Insurances and associations<\/h1>\n<\/header>\n<div class=\"content clearfix\">\n<table border=\"0\">\n<tbody>\n<tr>\n<td>RVS<\/td>\n<td><a href=\"http:\/\/www.patriciamueller.ch\/www.rolfing.ch\/\">www.rolfing.ch<\/a><\/td>\n<\/tr>\n<tr>\n<td>NVS<\/td>\n<td><a href=\"http:\/\/www.patriciamueller.ch\/www.naturaerzte.ch\/\">www.naturaerzte.ch<\/a><\/td>\n<\/tr>\n<tr>\n<td>EMR<\/td>\n<td><a href=\"http:\/\/www.patriciamueller.ch\/www.emr.ch\/\">www.emr.ch<\/a><\/td>\n<\/tr>\n<tr>\n<td>ASCA<\/td>\n<td><a href=\"http:\/\/www.patriciamueller.ch\/www.asca.ch\">www.asca.ch<\/a><\/td>\n<\/tr>\n<tr>\n<td>EGK<\/td>\n<td><a href=\"http:\/\/www.patriciamueller.ch\/www.egk.ch\">www.egk.ch<\/a><\/td>\n<\/tr>\n<tr>\n<td>Visana<\/td>\n<td><a href=\"http:\/\/www.patriciamueller.ch\/www.visana.ch\/de\/private\/index.html\">www.visana.ch<\/a><\/td>\n<\/tr>\n<\/tbody>\n<\/table>\n<p>Your health insurance can inform you about any possible financial participation in regards to your sessions.<\/p>\n<\/div>\n<p>[\/vc_column_text][\/vc_column][\/vc_row]<\/p>\n","protected":false},"excerpt":{"rendered":"<p>[vc_row margin_top=&#8221;-70px&#8221; full_width_row=&#8221;true&#8221;][vc_column][vc_single_image image=&#8221;181&#8243; img_size=&#8221;full&#8221; alignment=&#8221;center&#8221; image_hovers=&#8221;false&#8221;][\/vc_column][\/vc_row][vc_row][vc_column][vc_empty_space][\/vc_column][\/vc_row][vc_row][vc_column][vc_column_text] Sessions If you are unable to come for your session, please advise 24h in advance. Otherwise the session will be charged fully. [\/vc_column_text][\/vc_column][\/vc_row][vc_row][vc_column][vc_empty_space][\/vc_column][\/vc_row][vc_row][vc_column width=&#8221;1\/2&#8243;][vc_column_text] Prices Rolfing 60 minutes 150.00 CHF Shen Shiatsu 60 minutes 150.00 CHF Es werden ausschliesslich Rolfing und Shiatsu Sitzungen \u00fcber die Zusatzversicherung der Krankenkasse&hellip;<\/p>\n","protected":false},"author":1,"featured_media":0,"parent":0,"menu_order":0,"comment_status":"closed","ping_status":"closed","template":"","meta":{"_monsterinsights_skip_tracking":false,"_monsterinsights_sitenote_active":false,"_monsterinsights_sitenote_note":"","_monsterinsights_sitenote_category":0,"footnotes":""},"class_list":["post-156","page","type-page","status-publish","hentry","description-off"],"yoast_head":"<!-- This site is optimized with the Yoast SEO Premium plugin v17.2 (Yoast SEO v17.2.1) - https:\/\/yoast.com\/wordpress\/plugins\/seo\/ -->\n<title>Prices &ndash; J\u00d6RG SCH\u00dcRPF<\/title>\n<meta name=\"robots\" content=\"index, follow, max-snippet:-1, max-image-preview:large, max-video-preview:-1\" \/>\n<link rel=\"canonical\" href=\"https:\/\/www.joergschuerpf.ch\/en\/prices\/\" \/>\n<meta property=\"og:locale\" content=\"en_US\" \/>\n<meta property=\"og:type\" content=\"article\" \/>\n<meta property=\"og:title\" content=\"Prices\" \/>\n<meta property=\"og:description\" content=\"[vc_row margin_top=&#8221;-70px&#8221; full_width_row=&#8221;true&#8221;][vc_column][vc_single_image image=&#8221;181&#8243; img_size=&#8221;full&#8221; alignment=&#8221;center&#8221; image_hovers=&#8221;false&#8221;][\/vc_column][\/vc_row][vc_row][vc_column][vc_empty_space][\/vc_column][\/vc_row][vc_row][vc_column][vc_column_text] Sessions If you are unable to come for your session, please advise 24h in advance. Otherwise the session will be charged fully. [\/vc_column_text][\/vc_column][\/vc_row][vc_row][vc_column][vc_empty_space][\/vc_column][\/vc_row][vc_row][vc_column width=&#8221;1\/2&#8243;][vc_column_text] Prices Rolfing 60 minutes 150.00 CHF Shen Shiatsu 60 minutes 150.00 CHF Es werden ausschliesslich Rolfing und Shiatsu Sitzungen \u00fcber die Zusatzversicherung der Krankenkasse&hellip;\" \/>\n<meta property=\"og:url\" content=\"https:\/\/www.joergschuerpf.ch\/en\/prices\/\" \/>\n<meta property=\"og:site_name\" content=\"J\u00d6RG SCH\u00dcRPF\" \/>\n<meta property=\"article:modified_time\" content=\"2018-01-09T08:30:56+00:00\" \/>\n<meta name=\"twitter:card\" content=\"summary_large_image\" \/>\n<meta name=\"twitter:label1\" content=\"Est. reading time\" \/>\n\t<meta name=\"twitter:data1\" content=\"1 minute\" \/>\n<script type=\"application\/ld+json\" class=\"yoast-schema-graph\">{\"@context\":\"https:\/\/schema.org\",\"@graph\":[{\"@type\":[\"Organization\",\"Place\"],\"@id\":\"https:\/\/www.joergschuerpf.ch\/#organization\",\"name\":\"J\\u00f6rg Sch\\u00fcrpf - Strukturelle Integration - Rolfing\\u00ae Shen Shiatsu\\u00ae Osteopathie\",\"url\":\"https:\/\/www.joergschuerpf.ch\/\",\"sameAs\":[],\"logo\":{\"@id\":\"https:\/\/www.joergschuerpf.ch\/en\/prices\/#local-main-organization-logo\"},\"image\":{\"@id\":\"https:\/\/www.joergschuerpf.ch\/en\/prices\/#local-main-organization-logo\"},\"openingHoursSpecification\":[{\"@type\":\"OpeningHoursSpecification\",\"dayOfWeek\":[\"Monday\",\"Tuesday\",\"Wednesday\",\"Thursday\",\"Friday\",\"Saturday\",\"Sunday\"],\"opens\":\"09:00\",\"closes\":\"17:00\"}]},{\"@type\":\"WebSite\",\"@id\":\"https:\/\/www.joergschuerpf.ch\/#website\",\"url\":\"https:\/\/www.joergschuerpf.ch\/\",\"name\":\"J\\u00d6RG SCH\\u00dcRPF\",\"description\":\"J\\u00d6RG SCH\\u00dcRPF\",\"publisher\":{\"@id\":\"https:\/\/www.joergschuerpf.ch\/#organization\"},\"potentialAction\":[{\"@type\":\"SearchAction\",\"target\":{\"@type\":\"EntryPoint\",\"urlTemplate\":\"https:\/\/www.joergschuerpf.ch\/?s={search_term_string}\"},\"query-input\":\"required name=search_term_string\"}],\"inLanguage\":\"en-US\"},{\"@type\":\"WebPage\",\"@id\":\"https:\/\/www.joergschuerpf.ch\/en\/prices\/#webpage\",\"url\":\"https:\/\/www.joergschuerpf.ch\/en\/prices\/\",\"name\":\"Prices &ndash; J\\u00d6RG SCH\\u00dcRPF\",\"isPartOf\":{\"@id\":\"https:\/\/www.joergschuerpf.ch\/#website\"},\"datePublished\":\"2018-01-09T08:14:07+00:00\",\"dateModified\":\"2018-01-09T08:30:56+00:00\",\"breadcrumb\":{\"@id\":\"https:\/\/www.joergschuerpf.ch\/en\/prices\/#breadcrumb\"},\"inLanguage\":\"en-US\",\"potentialAction\":[{\"@type\":\"ReadAction\",\"target\":[\"https:\/\/www.joergschuerpf.ch\/en\/prices\/\"]}]},{\"@type\":\"BreadcrumbList\",\"@id\":\"https:\/\/www.joergschuerpf.ch\/en\/prices\/#breadcrumb\",\"itemListElement\":[{\"@type\":\"ListItem\",\"position\":1,\"name\":\"Home\",\"item\":\"https:\/\/www.joergschuerpf.ch\/\"},{\"@type\":\"ListItem\",\"position\":2,\"name\":\"Prices\"}]},{\"@type\":\"ImageObject\",\"@id\":\"https:\/\/www.joergschuerpf.ch\/en\/prices\/#local-main-organization-logo\",\"inLanguage\":\"en-US\",\"url\":\"https:\/\/www.joergschuerpf.ch\/wp-content\/uploads\/2018\/01\/shenshiatsu-1.jpg\",\"contentUrl\":\"https:\/\/www.joergschuerpf.ch\/wp-content\/uploads\/2018\/01\/shenshiatsu-1.jpg\",\"width\":1200,\"height\":400,\"caption\":\"J\\u00f6rg Sch\\u00fcrpf - Strukturelle Integration - Rolfing\\u00ae Shen Shiatsu\\u00ae Osteopathie\"}]}<\/script>\n<!-- \/ Yoast SEO Premium plugin. -->","yoast_head_json":{"title":"Prices &ndash; J\u00d6RG SCH\u00dcRPF","robots":{"index":"index","follow":"follow","max-snippet":"max-snippet:-1","max-image-preview":"max-image-preview:large","max-video-preview":"max-video-preview:-1"},"canonical":"https:\/\/www.joergschuerpf.ch\/en\/prices\/","og_locale":"en_US","og_type":"article","og_title":"Prices","og_description":"[vc_row margin_top=&#8221;-70px&#8221; full_width_row=&#8221;true&#8221;][vc_column][vc_single_image image=&#8221;181&#8243; img_size=&#8221;full&#8221; alignment=&#8221;center&#8221; image_hovers=&#8221;false&#8221;][\/vc_column][\/vc_row][vc_row][vc_column][vc_empty_space][\/vc_column][\/vc_row][vc_row][vc_column][vc_column_text] Sessions If you are unable to come for your session, please advise 24h in advance. Otherwise the session will be charged fully. [\/vc_column_text][\/vc_column][\/vc_row][vc_row][vc_column][vc_empty_space][\/vc_column][\/vc_row][vc_row][vc_column width=&#8221;1\/2&#8243;][vc_column_text] Prices Rolfing 60 minutes 150.00 CHF Shen Shiatsu 60 minutes 150.00 CHF Es werden ausschliesslich Rolfing und Shiatsu Sitzungen \u00fcber die Zusatzversicherung der Krankenkasse&hellip;","og_url":"https:\/\/www.joergschuerpf.ch\/en\/prices\/","og_site_name":"J\u00d6RG SCH\u00dcRPF","article_modified_time":"2018-01-09T08:30:56+00:00","twitter_card":"summary_large_image","twitter_misc":{"Est. reading time":"1 minute"},"schema":{"@context":"https:\/\/schema.org","@graph":[{"@type":["Organization","Place"],"@id":"https:\/\/www.joergschuerpf.ch\/#organization","name":"J\u00f6rg Sch\u00fcrpf - Strukturelle Integration - Rolfing\u00ae Shen Shiatsu\u00ae Osteopathie","url":"https:\/\/www.joergschuerpf.ch\/","sameAs":[],"logo":{"@id":"https:\/\/www.joergschuerpf.ch\/en\/prices\/#local-main-organization-logo"},"image":{"@id":"https:\/\/www.joergschuerpf.ch\/en\/prices\/#local-main-organization-logo"},"openingHoursSpecification":[{"@type":"OpeningHoursSpecification","dayOfWeek":["Monday","Tuesday","Wednesday","Thursday","Friday","Saturday","Sunday"],"opens":"09:00","closes":"17:00"}]},{"@type":"WebSite","@id":"https:\/\/www.joergschuerpf.ch\/#website","url":"https:\/\/www.joergschuerpf.ch\/","name":"J\u00d6RG SCH\u00dcRPF","description":"J\u00d6RG SCH\u00dcRPF","publisher":{"@id":"https:\/\/www.joergschuerpf.ch\/#organization"},"potentialAction":[{"@type":"SearchAction","target":{"@type":"EntryPoint","urlTemplate":"https:\/\/www.joergschuerpf.ch\/?s={search_term_string}"},"query-input":"required name=search_term_string"}],"inLanguage":"en-US"},{"@type":"WebPage","@id":"https:\/\/www.joergschuerpf.ch\/en\/prices\/#webpage","url":"https:\/\/www.joergschuerpf.ch\/en\/prices\/","name":"Prices &ndash; J\u00d6RG SCH\u00dcRPF","isPartOf":{"@id":"https:\/\/www.joergschuerpf.ch\/#website"},"datePublished":"2018-01-09T08:14:07+00:00","dateModified":"2018-01-09T08:30:56+00:00","breadcrumb":{"@id":"https:\/\/www.joergschuerpf.ch\/en\/prices\/#breadcrumb"},"inLanguage":"en-US","potentialAction":[{"@type":"ReadAction","target":["https:\/\/www.joergschuerpf.ch\/en\/prices\/"]}]},{"@type":"BreadcrumbList","@id":"https:\/\/www.joergschuerpf.ch\/en\/prices\/#breadcrumb","itemListElement":[{"@type":"ListItem","position":1,"name":"Home","item":"https:\/\/www.joergschuerpf.ch\/"},{"@type":"ListItem","position":2,"name":"Prices"}]},{"@type":"ImageObject","@id":"https:\/\/www.joergschuerpf.ch\/en\/prices\/#local-main-organization-logo","inLanguage":"en-US","url":"https:\/\/www.joergschuerpf.ch\/wp-content\/uploads\/2018\/01\/shenshiatsu-1.jpg","contentUrl":"https:\/\/www.joergschuerpf.ch\/wp-content\/uploads\/2018\/01\/shenshiatsu-1.jpg","width":1200,"height":400,"caption":"J\u00f6rg Sch\u00fcrpf - Strukturelle Integration - Rolfing\u00ae Shen Shiatsu\u00ae Osteopathie"}]}},"_links":{"self":[{"href":"https:\/\/www.joergschuerpf.ch\/en\/wp-json\/wp\/v2\/pages\/156"}],"collection":[{"href":"https:\/\/www.joergschuerpf.ch\/en\/wp-json\/wp\/v2\/pages"}],"about":[{"href":"https:\/\/www.joergschuerpf.ch\/en\/wp-json\/wp\/v2\/types\/page"}],"author":[{"embeddable":true,"href":"https:\/\/www.joergschuerpf.ch\/en\/wp-json\/wp\/v2\/users\/1"}],"replies":[{"embeddable":true,"href":"https:\/\/www.joergschuerpf.ch\/en\/wp-json\/wp\/v2\/comments?post=156"}],"version-history":[{"count":0,"href":"https:\/\/www.joergschuerpf.ch\/en\/wp-json\/wp\/v2\/pages\/156\/revisions"}],"wp:attachment":[{"href":"https:\/\/www.joergschuerpf.ch\/en\/wp-json\/wp\/v2\/media?parent=156"}],"curies":[{"name":"wp","href":"https:\/\/api.w.org\/{rel}","templated":true}]}}